{"id":82,"date":"2021-02-22T20:29:57","date_gmt":"2021-02-22T19:29:57","guid":{"rendered":"http:\/\/empirische-polizeiforschung.de\/wp\/?page_id=82"},"modified":"2023-02-08T14:55:32","modified_gmt":"2023-02-08T13:55:32","slug":"daniela-hunold","status":"publish","type":"page","link":"https:\/\/empirische-polizeiforschung.de\/wp\/daniela-hunold\/","title":{"rendered":"Daniela Hunold"},"content":{"rendered":"\n<h1 class=\"wp-block-heading\" id=\"a2\">Prof. Dr. Daniela Hunold<\/h1>\n\n\n<div class=\"wp-block-image\">\n<figure class=\"alignleft size-medium\"><img loading=\"lazy\" decoding=\"async\" width=\"300\" height=\"200\" src=\"https:\/\/empirische-polizeiforschung.de\/wp\/wp-content\/uploads\/2023\/02\/DSC_0956-1-300x200.jpg\" alt=\"\" class=\"wp-image-592\" srcset=\"https:\/\/empirische-polizeiforschung.de\/wp\/wp-content\/uploads\/2023\/02\/DSC_0956-1-300x200.jpg 300w, https:\/\/empirische-polizeiforschung.de\/wp\/wp-content\/uploads\/2023\/02\/DSC_0956-1-1024x684.jpg 1024w, https:\/\/empirische-polizeiforschung.de\/wp\/wp-content\/uploads\/2023\/02\/DSC_0956-1-768x513.jpg 768w, https:\/\/empirische-polizeiforschung.de\/wp\/wp-content\/uploads\/2023\/02\/DSC_0956-1-1536x1025.jpg 1536w, https:\/\/empirische-polizeiforschung.de\/wp\/wp-content\/uploads\/2023\/02\/DSC_0956-1-2048x1367.jpg 2048w, https:\/\/empirische-polizeiforschung.de\/wp\/wp-content\/uploads\/2023\/02\/DSC_0956-1-1200x801.jpg 1200w\" sizes=\"auto, (max-width: 300px) 85vw, 300px\" \/><\/figure>\n<\/div>\n\n\n<p><\/p>\n\n\n\n<p><\/p>\n\n\n\n<h2 class=\"wp-block-heading\" id=\"a3\"><\/h2>\n\n\n\n<p>Diplom Kriminologin, Diplom Geographin<\/p>\n\n\n\n<h2 class=\"wp-block-heading\" id=\"a3\">Ausbildung<\/h2>\n\n\n\n<figure class=\"wp-block-table\"><table><tbody><tr><td>1995-2002<\/td><td>Diplomstudium der Sozial- und Wirtschaftsgeographie an der Universit\u00e4t Osnabr\u00fcck<\/td><\/tr><tr><td>2004-2007<\/td><td>Diplom-Aufbaustudium der Kriminologie an der Universit\u00e4t Hamburg<\/td><\/tr><tr><td>2014<\/td><td>Promotion zum Dr. phil. an der Universit\u00e4t Freiburg zum Thema Polizei im Revier \u2013 Polizeiliche Handlungspraxis gegen\u00fcber Jugendlichen in der multi-ethnischen Stadt<\/td><\/tr><\/tbody><\/table><\/figure>\n\n\n\n<h2 class=\"wp-block-heading\" id=\"a4\">Berufst\u00e4tigkeiten<\/h2>\n\n\n\n<figure class=\"wp-block-table\"><table><tbody><tr><td>2006-2009<\/td><td>Wissenschaftliche Mitarbeiterin im Projekt MORS &#8211; Migranten in Organisationen von Recht und Sicherheit am Institut f\u00fcr Sicherheits- und Pr\u00e4ventionsforschung, Hamburg<\/td><\/tr><tr><td>2009-2014<\/td><td>Doktorandin und wissenschaftliche Mitarbeiterin im Projekt POLIS -Polizei und Minderheiten in multiethnischen Gesellschaften am Max-Planck-Institut f\u00fcr ausl\u00e4ndisches und internationales Strafrecht, Freiburg i.Br.<\/td><\/tr><tr><td>2014-2018<\/td><td>Wissenschaftliche Mitarbeiterin der Deutschen Hochschule der Polizei im Fachgebiet Kriminologie und interdisziplin\u00e4re Kriminalpr\u00e4vention<\/td><\/tr><tr><td>10\/2018-03\/2022<\/td><td>Referatsleiterin f\u00fcr strategische Analyse im Landeskriminalamt Bremen<br>Gastdozentin im Fachgebiet Kriminologie und interdisziplin\u00e4re Kriminalpr\u00e4vention<\/td><\/tr><tr><td>seit 04\/2022&nbsp;<\/td><td>Professorin f\u00fcr Soziologie mit Schwerpunkt Empirische Polizeiforschung an der HWR Berlin<\/td><\/tr><\/tbody><\/table><\/figure>\n\n\n\n<h2 class=\"wp-block-heading\" id=\"a5\">Forschungsschwerpunkte<\/h2>\n\n\n\n<p>Polizei in der Einwanderungsgesellschaft, Raumsoziologie und Produktionen des Raums durch Institutionen der sozialen Kontrolle, raumorientierte Kriminologie<\/p>\n\n\n\n<h2 class=\"wp-block-heading\" id=\"a6\">Forschungsprojekte<\/h2>\n\n\n\n<p>Die Konstruktion von R\u00e4umen im Kontext von Sicherheit \u2013 Raumwissen bei der Polizei (KORSIT); F\u00f6rderung: DFG; Laufzeit: November 2017 \u2013 April 2020<\/p>\n\n\n\n<h2 class=\"wp-block-heading\" id=\"a7\">Ver\u00f6ffentlichungen (Auswahl)<\/h2>\n\n\n\n<p><\/p>\n\n\n\n<p>Hunold, Daniela &amp; Singelnstein, Tobias (Hrsg.) (im Erscheinen):<br>Rassismus und Diskriminierung in der polizeilichen Praxis \u2013 Eine<br>Bestandsaufnahme. Wiesbaden: Springer VS.<\/p>\n\n\n\n<p>Hunold, Daniela &amp; Wegner, Maren (2021): Rassismus und Polizei:<br>Zum Stand der Forschung, in: Aus Politik und Zeitgeschichte 42-44, S.<br>27-32.<\/p>\n\n\n\n<p>Hunold, Daniela, Brauer, Eva &amp; Dangelmaier, Tamara (2020): Soziale<br>Ordnung und Raum \u2013 Aspekte polizeilicher Raumkonstruktion, in:<br>Soziale Probleme \u2013 Zeitschrift f\u00fcr Soziale Probleme und Soziale<br>Kontrolle 32, S. 19-44.<\/p>\n\n\n\n<p>Hunold, Daniela &amp; Ruch, Andreas (Hrsg.) (2020): Polizeiarbeit<br>zwischen Praxishandeln und Rechtsordnung \u2013 Empirische<br>Polizeiforschungen zur polizeipraktischen Ausgestaltung des Rechts.<br>Wiesbaden: Springer VS.Brauer, Eva; Dangelmaier, Tamara &amp; Hunold, Daniela (2020)<\/p>\n\n\n\n<p>\u201eClankriminalit\u00e4t\u201c \u2013 Die diskursive Konstruktion eines<br>Kriminalit\u00e4tsph\u00e4nomens, in: Hermann Gro\u00df &amp; Peter Schmidt (Hrsg.),<br>Polizei und Migration. Frankfurt a.M.: Verlag f\u00fcr Polizeiwissenschaft.<\/p>\n\n\n\n<p>Hunold, Daniela &amp; de Maillard (2019): Kollektive Gewalt in der Stadt:<br>Die Bedeutung polizeilichen Handelns f\u00fcr Jugendproteste in<br>Deutschland und Frankreich, in: Fabien Jobard &amp; Daniel Sch\u00f6npflug<br>(Hrsg.), Politische Gewalt im urbanen Raum. Berlin: De Gruyter<br>Oldenbourg, S. 197-222.<\/p>\n\n\n\n<p>Hunold, Daniela (2019): Wer hat jetzt die gr\u00f6\u00dferen Eier?! \u2013 Polizeialltag, hegemoniale M\u00e4nnlichkeit und reflexive Ethnographie, in: Christiane Howe &amp; Lars Ostermeier (Hrsg.), Polizei und Gesellschaft. Transdisziplin\u00e4re Perspektiven zu Methoden, Theorie und Empirie reflexiver Polizeiforschung\u201c. Springer VS, S. 47-69.<\/p>\n\n\n\n<p>Hunold, Daniela &amp; Wegner, Maren (2018): Protest Policing im Wandel? Konservative Str\u00f6mungen in der Politik der Inneren Sicherheit am Beispiel des G20-Gipfels in Hamburg, in: KriPoz 5\/2018, S. 291-299.<\/p>\n\n\n\n<p>Hunold, Daniela; Knopp, Philipp, Schmidt, Stephanie, Thurn, Roman &amp; Ullrich, Peter (2018): Policing der NoG20-Proteste in Hamburg im Juli 2017. Ergebnisse einer strukturierten Demonstrationsbeobachtung, in: Kriminologisches Journal 50(1), S. 34-47.<\/p>\n\n\n\n<p>Wegner, Maren &amp; Hunold, Daniela (2017): Die Transformation der Sicherheitsarchitektur \u2013 die Gef\u00e4hrdergesetze im Lichte des Vorsorge-Paradigmas, in: KriPoz 6\/2017, S. 367-375.&nbsp;&nbsp;<\/p>\n\n\n\n<p>Hunold, Daniela (2016): Gewalt in Autorit\u00e4tsbeziehungen \u2013 Formen polizeilicher Zwangsanwendung, in: Axel Groenemeyer, Claudia Equit und Holger Schmidt (Hrsg.), Situationen der Gewalt. Weinheim u.a.: Beltz-Verlag, S. 230-245.<\/p>\n\n\n\n<p>Hunold, Daniela; Oberwittler, Dietrich &amp; Lukas, Tim (2016): I\u2019d like to see your identity cards please \u2013 Negotiating authority in police-adolescent encounters. Findings from a mixed-method study of proactive police practices towards adolescents in two German cities, in: European Journal of Criminology 13(5), S. 590-609.<\/p>\n\n\n\n<p>De Maillard, Jacques; Hunold, Daniela; Oberwittler, Dietrich &amp; Roch\u00e9, S\u00e9bastian (2016) : Les Logiques Professionnelles et Politiques du C\u00f4ntrole. Des Styles de Police Differentes en France et en Allemagne, in : Revue Fran\u00e7aise de Science Politique 66(2), S. 271-293.<\/p>\n\n\n\n<p>De Maillard, Jacques ; Hunold, Daniela ; Oberwittler, Dietrich &amp; Roch\u00e9, S\u00e9bastian (2016) : Different styles of policing : Decisions to control in France and Germany, in: Policing and Society 28(2), S. 175-188.<\/p>\n\n\n\n<p>Hunold, Daniela (2016): Raumwissen: Die Produktion von Raum bei der Polizei, in: Jonas Grutzpalk (Hrsg.): Polizeiliches Wissen. Frankfurt a.M.: Verlag f\u00fcr Polizeiwissenschaften, S. 50-71.<\/p>\n\n\n\n<p>Hunold, Daniela (2015): Polizei im Revier \u2013 Polizeiliche Handlungspraxis gegen\u00fcber Jugendlichen in der multiethnischen Stadt. Berlin: Duncker &amp; Humblot.<\/p>\n\n\n\n<p>Hunold, Daniela (2014): Ethnic Minority Recruitment and Policing Ethnically Diverse Neighbourhoods in Germany, in: European Journal of Policing Studies 2(4), S. 422-441.<\/p>\n\n\n\n<p>Hunold, Daniela (2011): Polizei im Revier \u2013 Das Verh\u00e4ltnis von Polizisten und Jugendlichen vor dem Hintergrund des sozialr\u00e4umlichen Kontextes, in: Soziale Probleme, 23(2), S. 231-262.<\/p>\n\n\n\n<p>Hunold, Daniela; Klimke, Daniela; Behr, Rafael &amp; Lautmann, R\u00fcdiger (2010): Fremde als Ordnungsh\u00fcter? Die Polizei in der Zuwanderungsgesellschaft Deutschland. VS Verlag f\u00fcr Sozialwissenschaften.<\/p>\n\n\n\n<p>Kontakt:<br><a href=\"mailto:daniela.hunold@hwr-berlin.de\">daniela.hunold@hwr-berlin.de<\/a><\/p>\n","protected":false},"excerpt":{"rendered":"<p>Prof. Dr. Daniela Hunold Diplom Kriminologin, Diplom Geographin Ausbildung 1995-2002 Diplomstudium der Sozial- und Wirtschaftsgeographie an der Universit\u00e4t Osnabr\u00fcck 2004-2007 Diplom-Aufbaustudium der Kriminologie an der Universit\u00e4t Hamburg 2014 Promotion zum Dr. phil. an der Universit\u00e4t Freiburg zum Thema Polizei im Revier \u2013 Polizeiliche Handlungspraxis gegen\u00fcber Jugendlichen in der multi-ethnischen Stadt Berufst\u00e4tigkeiten 2006-2009 Wissenschaftliche Mitarbeiterin im &hellip; <a href=\"https:\/\/empirische-polizeiforschung.de\/wp\/daniela-hunold\/\" class=\"more-link\"><span class=\"screen-reader-text\">&#8222;Daniela Hunold&#8220; <\/span>weiterlesen<\/a><\/p>\n","protected":false},"author":1,"featured_media":0,"parent":0,"menu_order":0,"comment_status":"closed","ping_status":"closed","template":"","meta":{"footnotes":""},"class_list":["post-82","page","type-page","status-publish","hentry"],"_links":{"self":[{"href":"https:\/\/empirische-polizeiforschung.de\/wp\/wp-json\/wp\/v2\/pages\/82","targetHints":{"allow":["GET"]}}],"collection":[{"href":"https:\/\/empirische-polizeiforschung.de\/wp\/wp-json\/wp\/v2\/pages"}],"about":[{"href":"https:\/\/empirische-polizeiforschung.de\/wp\/wp-json\/wp\/v2\/types\/page"}],"author":[{"embeddable":true,"href":"https:\/\/empirische-polizeiforschung.de\/wp\/wp-json\/wp\/v2\/users\/1"}],"replies":[{"embeddable":true,"href":"https:\/\/empirische-polizeiforschung.de\/wp\/wp-json\/wp\/v2\/comments?post=82"}],"version-history":[{"count":14,"href":"https:\/\/empirische-polizeiforschung.de\/wp\/wp-json\/wp\/v2\/pages\/82\/revisions"}],"predecessor-version":[{"id":659,"href":"https:\/\/empirische-polizeiforschung.de\/wp\/wp-json\/wp\/v2\/pages\/82\/revisions\/659"}],"wp:attachment":[{"href":"https:\/\/empirische-polizeiforschung.de\/wp\/wp-json\/wp\/v2\/media?parent=82"}],"curies":[{"name":"wp","href":"https:\/\/api.w.org\/{rel}","templated":true}]}}