{"id":76,"date":"2021-02-22T20:24:56","date_gmt":"2021-02-22T19:24:56","guid":{"rendered":"http:\/\/empirische-polizeiforschung.de\/wp\/?page_id=76"},"modified":"2023-02-10T16:58:07","modified_gmt":"2023-02-10T15:58:07","slug":"rafael-behr","status":"publish","type":"page","link":"https:\/\/empirische-polizeiforschung.de\/wp\/rafael-behr\/","title":{"rendered":"Rafael Behr"},"content":{"rendered":"\n<h1 class=\"wp-block-heading\" id=\"a2\">Prof. Dr. Rafael Behr<\/h1>\n\n\n\n<figure class=\"wp-block-image size-large is-resized\"><img loading=\"lazy\" decoding=\"async\" src=\"https:\/\/empirische-polizeiforschung.de\/wp\/wp-content\/uploads\/2023\/02\/DSC_0951-1-1024x670.jpg\" alt=\"\" class=\"wp-image-591\" width=\"303\" height=\"198\" srcset=\"https:\/\/empirische-polizeiforschung.de\/wp\/wp-content\/uploads\/2023\/02\/DSC_0951-1-1024x670.jpg 1024w, https:\/\/empirische-polizeiforschung.de\/wp\/wp-content\/uploads\/2023\/02\/DSC_0951-1-300x196.jpg 300w, https:\/\/empirische-polizeiforschung.de\/wp\/wp-content\/uploads\/2023\/02\/DSC_0951-1-768x503.jpg 768w, https:\/\/empirische-polizeiforschung.de\/wp\/wp-content\/uploads\/2023\/02\/DSC_0951-1-1536x1006.jpg 1536w, https:\/\/empirische-polizeiforschung.de\/wp\/wp-content\/uploads\/2023\/02\/DSC_0951-1-2048x1341.jpg 2048w, https:\/\/empirische-polizeiforschung.de\/wp\/wp-content\/uploads\/2023\/02\/DSC_0951-1-1200x786.jpg 1200w\" sizes=\"auto, (max-width: 303px) 85vw, 303px\" \/><\/figure>\n\n\n\n<h2 class=\"wp-block-heading\" id=\"a3\">Studium und Berufst\u00e4tigkeiten<\/h2>\n\n\n\n<figure class=\"wp-block-table\"><table><tbody><tr><td>1975-1990<\/td><td>Polizeibeamter in Hessen, mehrheitlich in Frankfurt\/M.<\/td><\/tr><tr><td>1987-1992<\/td><td>Studium der Soziologie und Psychologie an der Universit\u00e4t Frankfurt\/M.<\/td><\/tr><tr><td>1999<\/td><td>Promotion \u00fcber den Alltag des Gewaltmonopols (erschienen 2000 als Cop Culture, 2. Auflage im Jahr 2008).<\/td><\/tr><tr><td>2005-2007<\/td><td>Wiss. Mitarbeiter am Institut f\u00fcr Sicherheits- und Pr\u00e4ventionsforschung (ISIP) in Hamburg, Leitung des Projekts Migranten in Organisationen von Recht und Sicherheit (MORS).<\/td><\/tr><tr><td>01\/2008-09\/2008<\/td><td>Hauptamtlicher Dozent an der Polizeiakademie Niedersachsen in Nienburg.<\/td><\/tr><tr><td>01.10.2008<\/td><td>Berufung zum Professor f\u00fcr Polizeiwissenschaften mit Schwerpunkt Kriminologie und Soziologie an der Hochschule der Polizei Hamburg.<\/td><\/tr><\/tbody><\/table><\/figure>\n\n\n\n<h2 class=\"wp-block-heading\" id=\"a4\">Arbeitsschwerpunkte<\/h2>\n\n\n\n<p><br>Organisationskulturen im Sicherheitsbereich, insbesondere<\/p>\n\n\n\n<ul class=\"wp-block-list\">\n<li>Organisationstheorie und Organisationskultur der Polizei<\/li>\n\n\n\n<li>Migrations- und Integrationstheorie<\/li>\n\n\n\n<li>Modernisierungstheorien der Gesellschaft (Soziale Ungleichheit, soziale Kontrolle, Subkulturtheorien, Devianz).<\/li>\n<\/ul>\n\n\n\n<h2 class=\"wp-block-heading\" id=\"a5\">Ver\u00f6ffentlichungen<\/h2>\n\n\n\n<h3 class=\"wp-block-heading\">Monographien<\/h3>\n\n\n\n<p><strong>2008<br>Cop Culture &#8211; Der Alltag des Gewaltmonopols<\/strong>. M\u00e4nnlichkeit, Handlungsmuster und Kultur in der Polizei, 2. Auflage, Wiesbaden<\/p>\n\n\n\n<p><strong>2006<br>Polizeikultur. Routinen \u2013Rituale \u2013 Reflexionen<\/strong>. Bausteine zu einer Theorie der Praxis der Polizei,&nbsp;Wiesbaden<\/p>\n\n\n\n<h3 class=\"wp-block-heading\"><strong>Mitherausgeberschaft<\/strong><\/h3>\n\n\n\n<p><strong>2017<br><\/strong>Frevel, Bernhard\/Hans-Joachim Asmus\/Rafael Behr\/ Hermann Gro\u00df\/Peter Schmidt (Hrsg): Facetten der Polizei- und Kriminalit\u00e4tsforschung \u2013 Festschrift f\u00fcr Karlhans Liebl<strong><\/strong><\/p>\n\n\n\n<p><strong>2015<br><\/strong>Frevel, Bernhard\/Rafael Behr (Hrsg.): Empirische Polizeiforschung XVII \u2013 Die kritisierte Polizei. Frankfurt a.M.<\/p>\n\n\n\n<p><strong>2011<br><\/strong>Oberwittler, Dietrich\/Rafael Behr (Hrsg.)&nbsp;: Polizei und Polizieren in multiethnischen Gesellschaften, Reihe Soziale Probleme, Jahrgang 2011, Heft 2, Freiburg i.Br.<\/p>\n\n\n\n<p><strong>2010<br><\/strong>Hunold, Daniela\/Daniela Klimke\/Rafael Behr\/R\u00fcdiger Lautmann (2010):&nbsp;&nbsp;Fremde als Ordnungsh\u00fcter?&nbsp;Die Polizei in der Zuwanderungsgesellschaft Deutschland, Wiesbaden<\/p>\n\n\n\n<p><strong>2009<br><\/strong>Behr, Rafael\/Thomas Ohlemacher (Hrsg.): Offene Grenzen \u2013 Polizieren in der Sicherheitsarchitektur einer post-territorialen Welt, Frankfurt am Main (Verlag f\u00fcr Polizeiwissenschaft)<\/p>\n\n\n\n<p><strong>2006<br><\/strong>Behr, Rafael\/Helga Cremer-Sch\u00e4fer\/Sebastian Scheerer (Hrsg.): Kriminalit\u00e4tsgeschichten. Ein Lesebuch \u00fcber Gesch\u00e4ftigkeiten am Rande der Gesellschaft (Festschrift f\u00fcr Henner Hess), M\u00fcnster<\/p>\n\n\n\n<h3 class=\"wp-block-heading\"><strong>Aufs\u00e4tze in Sammelb\u00e4nden (2016 bis 2021)<\/strong><\/h3>\n\n\n\n<p><strong>2021<\/strong><\/p>\n\n\n\n<p><strong>Dominanzkultur als Rahmung von Gewalt und Rassismus in der Polizei<\/strong>, in: Feltes, Thomas\/Holger Plank (Hrsg.): &#8222;Rassismus, Rechtsextremismus, Polizeigewalt. Beitr\u00e4ge f\u00fcr und \u00fcber eine rechtschaffen(de), demokratische B\u00fcrgerpolizei&#8220;, Frankfurt\/M., Verlag f\u00fcr Polizeiwissenschaft<\/p>\n\n\n\n<p><strong>2020<\/strong><\/p>\n\n\n\n<p><strong>(Polizei-)Gewalt verstehen \u2013 \u00dcberlegungen zu einer Ethnographie polizeilichen \u00dcberw\u00e4ltigungshandelns<\/strong>, in: Hunold, Daniela\/Andreas Ruch (Hrsg.) (2020): Polizeiarbeit zwischen Praxishandeln und Rechtsordnung. Empirische Polizeiforschungen zur polizeipraktischen Ausgestaltung des Rechts, Wiesbaden, Springer, S. 187-214&nbsp;<\/p>\n\n\n\n<p><strong>Dominanzkultur und Gewalt: Das strukturelle Problem der Polizei<\/strong>, in: Bl\u00e4tter f\u00fcr deutsche und internationale Politik, Heft 10\/20, S. 13-16<\/p>\n\n\n\n<p><strong>Polizei und Gewalt<\/strong>, in: Rettenberger, Martin, Axel Dessecker, Matthias Rau (Hrsg.) (2020): Gewalt und Zwang in Institutionen, Reihe Kriminologie und Praxis, Band 74, Wiesbaden, Eigenverlag KRIMZ, S. 27-46<\/p>\n\n\n\n<p><strong>\u201aPolicey\u2018 in der Krise? Zur Neujustierung der Rolle der Polizei und von Sicherheit und Ordnung&nbsp;&nbsp;in einer Gesellschaft im Wandel \u2013 ein Essay<\/strong>, in: Terziakis, Georgios\/Stefan Sell\/Christian Hamm (Hrsg.) (2020): Innere Sicherheit als geteilte Verantwortung, Baden-Baden: Nomos Verlag f\u00fcr Polizeiwissenschaft, S. 19-36<\/p>\n\n\n\n<p><strong>2019<\/strong><\/p>\n\n\n\n<p><strong>Menschenrechtsgew\u00e4hrleistung und interkulturelle Kompetenz in der Polizeiarbeit,&nbsp;<\/strong>in: Kugelmann, Dieter (2019) (Hrsg.). Polizei und Menschenrechte, Bundeszentrale f\u00fcr politische Bildung, Bonn, S. 383-396<\/p>\n\n\n\n<p><strong>Implikationen und Folgen des Gewaltdiskurses f\u00fcr die Polizei und die Gesellschaft in Deutschland,<\/strong>in: Klukkert, Astrid\/Jo Reichertz\/Thomas Feltes (Hrsg.) (2019): Torn between Two Targets. Polizeiforschung zwischen Theorie und Praxis \u2013 zum Gedenken an Thomas Ohlemacher, Frankfurt am Main (Verlag f\u00fcr Polizeiwissenschaft), S. 155-168<\/p>\n\n\n\n<p><strong>2018<\/strong><\/p>\n\n\n\n<p><strong>\u201eDie Polizei muss &#8230; an Robustheit deutlich zulegen\u201c: Zur Renaissance aggressiver Maskulinit\u00e4t in&nbsp;&nbsp;der Polizei,&nbsp;<\/strong>in: Loick, Daniel (Hrsg.) (2018): Kritik der Polizei, Frankfurt (Campus), S. 165-178<strong>&nbsp;&nbsp;<\/strong><\/p>\n\n\n\n<p><strong>Verdacht und Vorurteil. Die polizeiliche Konstruktion der gef\u00e4hrlichen Fremden\u201c<\/strong>, in: Howe, Christiane; Ostermeier, Lars (Hrsg.) (2018): Polizei und Gesellschaft. Transdisziplin\u00e4re Perspektiven zu Methoden, Theorie und Empirie reflexiver Polizeiforschung, Wiesbaden, Springer VS, S. 17-45&nbsp;<\/p>\n\n\n\n<p><strong>\u201eIch bin seit drei\u00dfig Jahren dabei\u201c.&nbsp;<\/strong>Relevanzebenen beruflicher Identit\u00e4t in einer Polizei auf dem Weg zur Profession, in:&nbsp;M\u00fcller-Hermann, Silke\/Becker-Lenz, Roland\/Busse, Stefan\/Ehlert, Gudrun (Hrsg.) (2018): Professionskulturen \u2013 Charakteristika unterschiedlicher professioneller Praxen, Wiesbaden, Springer VS, S.31-61<\/p>\n\n\n\n<p><strong>Zur Legitimation polizeilicher Kontrolle: \u201eRacial-, \u201eSocial-\u201c und \u201eCriminal-Profiling\u201c im Diskurs<\/strong>, in: Mensching, Anja\/Astrid Jacobsen (Hrsg.): Polizei im Spannungsfeld von Autorit\u00e4t, Legitimit\u00e4t und Kompetenz (Reihe Empirische Polizeiforschung XXI), Frankfurt am Main, S. 105-119&nbsp;<\/p>\n\n\n\n<p><strong>2017<\/strong><\/p>\n\n\n\n<p><strong>Maskulinit\u00e4t in der Polizei. Was Cop Culture mit M\u00e4nnlichkeit zu tun hat<\/strong>. Ein Essay, in:&nbsp;<em>juridikum nr. 4\/2017: M\u00e4nner im Un\/Recht &#8211; Kriminalit\u00e4t, Kriminalisierung &amp; M\u00e4nnlichkeiten<\/em>, S. 541-551<\/p>\n\n\n\n<p>\u201e<strong>Racial\u201c oder \u201eSocial\u201c Profiling in der Polizeiarbeit? Eine organisationskulturelle Perspektive auf Diskriminierungsvorw\u00fcrfe an die Polize<\/strong>i, in: Kopke, Christoph\/K\u00fchnel, Wolfgang (2017) (Hrsg):&nbsp;<em>Demokratie, Freiheit und Sicherheit<\/em>. Festschrift zum 65. Geburtstag von Hans-Gerd Jaschke, Baden-Baden (Nomos), S. 255-271<\/p>\n\n\n\n<p><strong>Feest, Johannes\/ Blankenburg, Erhard: Die Definitionsmacht der Polizei. Strategien der Strafverfolgung und soziale Selektio<\/strong>n, in: Schlepper, Christina\/Wehrheim, Jan (Hrsg.): Schl\u00fcsselwerke der Kritischen Kriminologie, Weinheim und Basel (Beltz Juventa), S. 167-174<\/p>\n\n\n\n<p><strong><br><\/strong><strong>\u201eWir ermitteln in alle Richtungen\u201c \u2013 Polizeiliche Verdachtssch\u00f6pfung zwischen Bauchgef\u00fchl, Diskriminierung und hierarchischer Wissensproduktion<\/strong>, in: Frevel, Bernhard\/Hans-Joachim Asmus\/Rafael Behr\/ Hermann Gro\u00df\/Peter Schmidt (Hrsg): Facetten der Polizei- und Kriminalit\u00e4tsforschung \u2013 Festschrift f\u00fcr Karlhans Liebl, S. 82-98<\/p>\n\n\n\n<p><strong>2016<\/strong><\/p>\n\n\n\n<p><strong>Diskriminierung durch Polizeibeh\u00f6rden<\/strong>, in: Scherr, Albert\/&nbsp;<a href=\"http:\/\/link.springer.com\/search?facet-creator=%22Aladin+El-Mafaalani%22\">Aladin El-Mafaalani<\/a>\/<a href=\"http:\/\/link.springer.com\/search?facet-creator=%22Emine+G%C3%B6kcen+Y%C3%BCksel%22\">Emine G\u00f6kcen Y\u00fcksel<\/a>(Hrsg.): Handbuch Diskriminierung, Wiesbaden (Springer Fachmedien), doi:10.1007\/978-3-658-11119-9_23-2, S. 1-19&nbsp;<\/p>\n\n\n\n<p><strong>Diversit\u00e4t und Polizei. Eine polizeiwissenschaftliche Perspektive<\/strong>, in:&nbsp;Genkova, Petia\/Tobias Ringeisen (Hrsg.): Handbuch Diversity Kompetenz, Band 1: Perspektiven und Anwendungsfelder, Wiesbaden (auch als: Springer NachschlageWissen, DOI: 10.1007\/978-3-658-08003-7_65-1, URL:&nbsp;<a href=\"http:\/\/link.springer.com\/referencework\/10.1007%2F978-3-658-08003-7\">http:\/\/link.springer.com\/referencework\/10.1007%2F978-3-658-08003-7<\/a>(18.04.16)<\/p>\n\n\n\n<h3 class=\"wp-block-heading\"><strong>Beitr\u00e4ge in (Fach-)Zeitschriften (2013-2000)<\/strong><\/h3>\n\n\n\n<p><strong>2020<\/strong><\/p>\n\n\n\n<p><strong>Polizei&nbsp;und Gewalt<\/strong>, in:&nbsp;Rettenberger,&nbsp;Martin, Axel&nbsp;Dessecker, Matthias Rau (Hrsg.)&nbsp;(2020): Gewalt und Zwang in&nbsp;Institutionen, Reihe&nbsp;Kriminologie und Praxis, Band&nbsp;74, Wiesbaden, Eigenverlag&nbsp;KRIMZ, S. 27-46<\/p>\n\n\n\n<p><strong>Dominanzkultur und Gewalt: Das strukturelle Problem der Polizei<\/strong>, in:&nbsp;Bl\u00e4tter f\u00fcr deutsche und internationale Politik, Heft 10\/2020, S.13-16<strong><\/strong><\/p>\n\n\n\n<p><strong>&#8222;Die Polizei ist sehr machtvoll. Wir m\u00fcssen misstrauisch sein&#8220;,<\/strong>Interview von Philipp Daum und Philip Faigle mit Rafael Behr, in: ZEIT Online, 20. August 2020, herunterzuladen unter:&nbsp;<a href=\"https:\/\/www.zeit.de\/gesellschaft\/2020-08\/rafael-behr-racial-profiling-polizeigewalt-ausbildung-polizisten\">https:\/\/www.zeit.de\/gesellschaft\/2020-08\/rafael-behr-racial-profiling-polizeigewalt-ausbildung-polizisten<\/a>(3.11.20)<strong><\/strong><\/p>\n\n\n\n<p><strong>2019<\/strong><\/p>\n\n\n\n<p><strong>Gewalt und Polizei. Ambivalenzen des&nbsp;innerstaatlichen Gewaltmonopols<\/strong>, in:&nbsp;http:\/\/www.bpb.de\/apuz\/291185\/gewalt-und-polizei?p=all (17.5.2019)<\/p>\n\n\n\n<p><strong>2018<br>Rassismus und Diskriminierung im Polizeidienst. Zur Karriere zweier \u201eReizworte\u201c,<\/strong>in:&nbsp;: Bundesministerium f\u00fcr Inneres\/Sicherheitsakademie (Hrsg.): .SIAK-Journal. Zeitschrift f\u00fcr Polizeiwissenschaft und Polizeiliche Praxis, Ausgabe 2\/2018, S. 57-66, Wien<strong><\/strong><\/p>\n\n\n\n<p><strong>2017<br><\/strong><strong>Die Polizei auf dem Weg zu einer \u201eRe-Maskulinisierung\u201c? Wandlungen und Kontinuit\u00e4ten \u201ehegemonialer M\u00e4nnlichkeit\u201c in der Institution staatlicher Sicherheitsverwaltung<\/strong>, in: Freie Assoziation \u2013 Zeitschrift f\u00fcr psychoanalytische Sozialpsychologie, herausgegeben von Markus Brunner \/Christine Kirchhoff\/Julia K\u00f6nig\/Jan Lohl\/Tom D. Uhlig\/Sebastian Winter, 20. Jahrgang 1\/2017, S. 13-32<\/p>\n\n\n\n<p><strong>2016<br><\/strong><strong>\u201eBauchgef\u00fchl macht blind\u201c<\/strong>, in brandeins 11\/2016, S. 128-132, herunterzuladen unter&nbsp;<a href=\"https:\/\/www.brandeins.de\/archiv\/2016\/intuition\/\">https:\/\/www.brandeins.de\/archiv\/2016\/intuition\/<\/a>(12.11.16)&nbsp;<\/p>\n\n\n\n<p><strong>Implikationen und Folgen des Gewaltdiskurses f\u00fcr die Polizei und die Gesellschaft in Deutschland<\/strong>, in: Die POLIZEI, Heft 9\/2016, S. 263-269<\/p>\n\n\n\n<p><strong>Die Polizei im Spannungsfeld von staatlicher und gesellschaftlicher Gewalt<\/strong>\u2013 Anmerkungen aus der Polizeikulturforschung, in: Polizei&amp;Wissenschaft, Ausgabe 2\/2016, S. 13-24<\/p>\n\n\n\n<p><strong>FUNCTIONS AND IMPACT OF THE \u2018VIOLENCE AGAINST THE POLICE\u2019 DISCOURSE ON<br>GERMAN POLICE CULTURE<\/strong>, in:&nbsp;&nbsp;Nogala, Detlef\/Klaus Neidhardt\/Thomas G\u00f6rgen\/Jochen Kersten\/Jean-Marie Fiquet\/ Gorazd Mesko (Hrsg.) (2016): European Police Science and Research Bulletin: Policing civil societies in times of economic constraints. Contributions tot he 2013 CEPOL European Police Research and Science Conference M\u00fcnster, Germany, 11.-13.September 2013, S. 44-48, herunterzuladen unter:&nbsp;<a href=\"https:\/\/www.cepol.europa.eu\/science-research\/european-police-science-and-research-bulletin\/latest-issue\">https:\/\/www.cepol.europa.eu\/science-research\/european-police-science-and-research-bulletin\/latest-issue<\/a>(05.05.16)&nbsp;<\/p>\n\n\n\n<p><strong>2015<br><br>Polizeiwissenschaft in Deutschland \u2013 eine pers\u00f6nliche Zustandsbeschreibung,&nbsp;<\/strong>in: Feltes, Thomas\/ Bernhard Frevel (Hrsg. des Themenheftes): Hat die deutsche Polizeiwissenschaft eine Zukunft? Eine Bestandsaufnahme, in: Polizei &amp; Wissenschaft, Ausgabe 1\/2015, S. 33-41<\/p>\n\n\n\n<p><strong>2014<\/strong><\/p>\n\n\n\n<p><strong>\u00dcber Polizei und Gewalt.<\/strong>Warum&nbsp;wir Polizeihandeln&nbsp; beobachten,&nbsp;kommentieren und kritisieren sollten. Und&nbsp;warum man trotzdem f\u00fcr diese Polizei&nbsp;einstehen kann&#8220;,&nbsp;&nbsp;in: Berliner Republik, 3+4\/14, S. 60-67, online unter&nbsp;<a href=\"http:\/\/www.b-republik.de\/archiv\/ueber-polizei-und-gewalt?aut=1104\">http:\/\/www.b-republik.de\/archiv\/ueber-polizei-und-gewalt?aut=1104<\/a>(28.12.14)<\/p>\n\n\n\n<p><strong>Wie man vom \u201eDienstleister\u201c erst zum Helden und dann zum l\u00e4stigen \u00dcbel wird. Die Hamburger Polizei im Jahreswechsel 2013\/2014. Gleichzeitig eine Kritik der Hamburger Gefahrengebiete,<\/strong>&nbsp;in: \u201eVorg\u00e4nge\u201c &#8211; Zeitschrift f\u00fcr B\u00fcrgerrechte und Gesellschaftspolitik, Nr. 204\/2014,&nbsp;53. Jahrgang, S. 74-81<\/p>\n\n\n\n<p><strong>2013<br><\/strong><strong>Polizei.Kultur.Gewalt. Die Bedeutung von Organisationskultur f\u00fcr den Gewaltdiskurs und die Menschenrechtsfrage in der Polizei<\/strong>, in: Bundesministerium f\u00fcr Inneres\/Sicherheitsakademie (Hrsg.): \u201e.SIAK-Journal. Zeitschrift f\u00fcr Polizeiwissenschaft und Polizeiliche Praxis\u201c, Wien<\/p>\n\n\n\n<p><strong>Die Kultur der Staatsgewalt. Risikokonstellationen im Strukturwandel der deutschen Polizei,<\/strong>&nbsp;in: Loick, Daniel (Hg.):&nbsp;&nbsp;\u201eSoziologie der Polizei\u201c, in &#8222;WestEnd &#8211; Neue Zeitschrift f\u00fcr Sozialforschung&#8220;, Frankfurt\/M.<\/p>\n\n\n\n<p><strong>Bildung oder Ausbildung?<\/strong> Bedingungen einer zeitgem\u00e4\u00dfen Berufsvorbereitung f\u00fcr eine moderne Polizei, in: Albrecht, Jan-Philipp (Hrsg.): Wege zu einer alternativen Sicherheitspolitik, Br\u00fcssel (Eigendruck des European Parlament), S. 24-33&nbsp;<\/p>\n\n\n\n<p><strong>Bildung und Forschung in der Polizei&nbsp;<\/strong>&#8211; eine pers\u00f6nliche Zustandsbeschreibung, in: DIE POLIZEI, Heft 7\/2013, S. 182-187<\/p>\n\n\n\n<h2 class=\"wp-block-heading\">Kontakt<\/h2>\n\n\n\n<p>Prof. Dr. Rafael Behr<br>Hochschulbereich der Akademie der Polizei Hamburg<br>Braamkamp 3B<br>22297 Hamburg<br>Tel.: 040 4286-24415<br>Mobil: 0173 3286783<br><a href=\"mailto:rafael.behr@web.de\">rafael.behr@web.de<\/a><\/p>\n","protected":false},"excerpt":{"rendered":"<p>Prof. Dr. Rafael Behr Studium und Berufst\u00e4tigkeiten 1975-1990 Polizeibeamter in Hessen, mehrheitlich in Frankfurt\/M. 1987-1992 Studium der Soziologie und Psychologie an der Universit\u00e4t Frankfurt\/M. 1999 Promotion \u00fcber den Alltag des Gewaltmonopols (erschienen 2000 als Cop Culture, 2. Auflage im Jahr 2008). 2005-2007 Wiss. Mitarbeiter am Institut f\u00fcr Sicherheits- und Pr\u00e4ventionsforschung (ISIP) in Hamburg, Leitung des &hellip; <a href=\"https:\/\/empirische-polizeiforschung.de\/wp\/rafael-behr\/\" class=\"more-link\"><span class=\"screen-reader-text\">&#8222;Rafael Behr&#8220; <\/span>weiterlesen<\/a><\/p>\n","protected":false},"author":1,"featured_media":0,"parent":0,"menu_order":0,"comment_status":"closed","ping_status":"closed","template":"","meta":{"footnotes":""},"class_list":["post-76","page","type-page","status-publish","hentry"],"_links":{"self":[{"href":"https:\/\/empirische-polizeiforschung.de\/wp\/wp-json\/wp\/v2\/pages\/76","targetHints":{"allow":["GET"]}}],"collection":[{"href":"https:\/\/empirische-polizeiforschung.de\/wp\/wp-json\/wp\/v2\/pages"}],"about":[{"href":"https:\/\/empirische-polizeiforschung.de\/wp\/wp-json\/wp\/v2\/types\/page"}],"author":[{"embeddable":true,"href":"https:\/\/empirische-polizeiforschung.de\/wp\/wp-json\/wp\/v2\/users\/1"}],"replies":[{"embeddable":true,"href":"https:\/\/empirische-polizeiforschung.de\/wp\/wp-json\/wp\/v2\/comments?post=76"}],"version-history":[{"count":5,"href":"https:\/\/empirische-polizeiforschung.de\/wp\/wp-json\/wp\/v2\/pages\/76\/revisions"}],"predecessor-version":[{"id":664,"href":"https:\/\/empirische-polizeiforschung.de\/wp\/wp-json\/wp\/v2\/pages\/76\/revisions\/664"}],"wp:attachment":[{"href":"https:\/\/empirische-polizeiforschung.de\/wp\/wp-json\/wp\/v2\/media?parent=76"}],"curies":[{"name":"wp","href":"https:\/\/api.w.org\/{rel}","templated":true}]}}