{"id":228,"date":"2021-03-07T08:46:43","date_gmt":"2021-03-07T07:46:43","guid":{"rendered":"http:\/\/empirische-polizeiforschung.de\/wp\/?page_id=228"},"modified":"2026-02-23T09:40:57","modified_gmt":"2026-02-23T08:40:57","slug":"peter-schmidt","status":"publish","type":"page","link":"https:\/\/empirische-polizeiforschung.de\/wp\/peter-schmidt\/","title":{"rendered":"Peter Schmidt"},"content":{"rendered":"\n<h1 class=\"wp-block-heading\" id=\"a2\">Ltd. Polizeidirektor a.D. Peter Schmidt <\/h1>\n\n\n\n<figure class=\"wp-block-image size-large is-resized\"><img loading=\"lazy\" decoding=\"async\" width=\"1024\" height=\"684\" src=\"https:\/\/empirische-polizeiforschung.de\/wp\/wp-content\/uploads\/2023\/02\/DSC_0942-1-1024x684.jpg\" alt=\"\" class=\"wp-image-590\" style=\"width:302px;height:201px\" srcset=\"https:\/\/empirische-polizeiforschung.de\/wp\/wp-content\/uploads\/2023\/02\/DSC_0942-1-1024x684.jpg 1024w, https:\/\/empirische-polizeiforschung.de\/wp\/wp-content\/uploads\/2023\/02\/DSC_0942-1-300x200.jpg 300w, https:\/\/empirische-polizeiforschung.de\/wp\/wp-content\/uploads\/2023\/02\/DSC_0942-1-768x513.jpg 768w, https:\/\/empirische-polizeiforschung.de\/wp\/wp-content\/uploads\/2023\/02\/DSC_0942-1-1536x1026.jpg 1536w, https:\/\/empirische-polizeiforschung.de\/wp\/wp-content\/uploads\/2023\/02\/DSC_0942-1-2048x1368.jpg 2048w, https:\/\/empirische-polizeiforschung.de\/wp\/wp-content\/uploads\/2023\/02\/DSC_0942-1-1200x802.jpg 1200w\" sizes=\"auto, (max-width: 709px) 85vw, (max-width: 909px) 67vw, (max-width: 1362px) 62vw, 840px\" \/><\/figure>\n\n\n\n<p class=\"has-text-align-left\">geboren 1962 in Frankfurt am Main <\/p>\n\n\n\n<p class=\"has-text-align-center\"><br><\/p>\n\n\n\n<figure class=\"wp-block-table\"><table><tbody><tr><td>1981<\/td><td><strong>Eintritt in die Hessische Polizei <\/strong><\/td><\/tr><tr><td>bis 1997<\/td><td><strong>Polizei Hessen&nbsp;<\/strong><br>Unterschiedliche Verwendungen im mittleren, gehobenen und h\u00f6heren Dienst bei der Hessischen Bereitschaftspolizei und beim Polizeipr\u00e4sidium Frankfurt am Main<\/td><\/tr><tr><td>1997-2002<\/td><td><strong>Verwaltungsfachhochschule in Wiesbaden<\/strong>, Abteilung Frankfurt am Main (Fachhochschullehrer und Abteilungsleiter)<\/td><\/tr><tr><td>2002-2005<\/td><td><strong>Hessisches Ministerium des Innern und f\u00fcr Sport<\/strong><br>Landespolizeipr\u00e4sidium &#8211; Referat Aus- und Fortbildung, Personalentwicklung<\/td><\/tr><tr><td>2005-2014<\/td><td><strong>Hessische Hochschule f\u00fcr Polizei und Verwaltung<\/strong>, Wiesbaden (Abteilungs-, Fachbereichsleiter und Rektor)<\/td><\/tr><tr><td>2014-2018<\/td><td><strong>Hessisches Ministerium des Innern und f\u00fcr Sport<\/strong><br>Landespolizeipr\u00e4sidium &#8211; Referat Personal<\/td><\/tr><tr><td>2019-2024<\/td><td><strong><strong>Hessisches Ministerium des Innern und f\u00fcr Sport<\/strong><br><strong>(seit 2024: Hessisches Ministerium des Innern, f\u00fcr Sicherheit und Heimatschutz)<\/strong><\/strong><br>Zentralabteilung &#8211; Referat Hochschulausbildung und -entwicklung Polizei\/Allgemeine Verwaltung<\/td><\/tr><\/tbody><\/table><\/figure>\n\n\n\n<h2 class=\"wp-block-heading\">Publikationen<\/h2>\n\n\n\n<p>und Hermann Gro\u00df (2025): Alles f\u00fcr&#8217;s Eine statt alle f\u00fcr Eine(n)?&nbsp;Professionalisierung der Polizeiarbeit durch Spezialisierung der Ausbildung.&nbsp;In:&nbsp;<em>Polizei &amp; Wissenschaft<\/em>, 2\/2025, S. 68-74.<\/p>\n\n\n\n<p>und Clemens Lorei (2025): \u00dcberlegungen zur F\u00f6rderung anwendungsorientierter sozialer Kompetenz im Polizei-Studium.\u00a0In:\u00a0<em>Polizei &amp; Wissenschaft<\/em>, 2\/2025, S. 57-67.<\/p>\n\n\n\n<p>und Hermann Gro\u00df (2024):\u00a0Hochschule und Polizeibeh\u00f6rde unter einem Dach: Gelungenes Bildungskonstrukt oder Fehlkonstruktion?\u00a0In: Daniela Hunold et al. (Hrsg.): <em>Festschrift f\u00fcr Rafael Behr<\/em>, Verlag f\u00fcr Polizeiwissenschaft, Frankfurt am Main\u00a02024.<\/p>\n\n\n\n<p>(2024): Rezension&nbsp;zu: Nie aufgeflogen,&nbsp;Petra&nbsp;Bonavita,&nbsp;epubli&nbsp;2023. In:&nbsp;<em>Hessische Polizeirundschau<\/em>, 1\/2024, S. 21.<\/p>\n\n\n\n<p>und Hermann Gro\u00df (2024) (Hrsg.):&nbsp;<em>Empirische Polizeiforschung XXV: Polizei und Forschung: Stillstand oder Fortschritt?<\/em>&nbsp;Verlag f\u00fcr Polizeiwissenschaft, Frankfurt am Main.<\/p>\n\n\n\n<p>(Hrsg.)&nbsp;(2023): Schnell informiert:&nbsp;<em>Hessisches Gesetz \u00fcber die \u00f6ffentliche Sicherheit und Ordnung<\/em><em>&nbsp;<\/em><em>mit Durchf\u00fchrungsverordnung<\/em>, 5. Auflage, Richard&nbsp;Boorberg&nbsp;Verlag, Stuttgart.<\/p>\n\n\n\n<p>und Cornelia Rotter et al.&nbsp;(Hrsg.)&nbsp;(2023):&nbsp;<em>Demokratisch lehren und lernen: M\u00f6gli<\/em><em>c<\/em><em>hkeiten und Grenzen der Partizipation im Kontext polizeilicher Aus- und Fortbildung.<\/em>&nbsp;<a><\/a>Verlag f\u00fcr Polizeiwissenschaft, Frankfurt am Main.<\/p>\n\n\n\n<p>und Hermann Gro\u00df (2023): Reform, Ref\u00f6rmchen oder Zeitenwende? Das neue Leitbild der hessischen Polizei. In: Rafael Behr et al (Hrsg.):&nbsp;G<em>emeinwesenbezogene<\/em><em>&nbsp;Sicherheitsarbeit.<\/em>&nbsp;Festschrift f\u00fcr Bernhard Frevel,&nbsp;Verlag f\u00fcr Polizeiwissenschaft,&nbsp;Frankfurt&nbsp;am Main&nbsp;2023.<\/p>\n\n\n\n<p>(2023): Rezension zu: Pr\u00e4ventionsarbeit der Polizei als p\u00e4dagogische Herausforderung, J\u00fcrgen&nbsp;Kepura, Springer VS&nbsp;Wiesbaden. In:&nbsp;<em>Polizei &amp; Wissenschaft<\/em>, Heft 3\/2023, S. 61-63.<\/p>\n\n\n\n<p>und Hermann Gro\u00df, Marschel Sch\u00f6ne (Hrsg.)&nbsp;(2023):&nbsp;<a><\/a><em>Empirische Polizeiforschung XXIV: Polizei und Krise<\/em>, Verlag f\u00fcr Polizeiwissenschaft, Frankfurt am Main.<\/p>\n\n\n\n<p>(2023): Rezension zu: Sexualit\u00e4t und Macht in der Polizei, Christian Barthel\/Claudia Puglisi, Springer VS Wiesbaden. In:&nbsp;<em>Hessische Polizeirundschau<\/em>, 1\/2023, S. 25-26.<\/p>\n\n\n\n<p>und Michaela Meier-Ebert, Philipp&nbsp;Kuschewski&nbsp;(Hrsg.)&nbsp;(2022):&nbsp;<em>(<\/em><em>Un<\/em><em>-)Soziale Medien, Desinformation und Verschw\u00f6rungsdenken,&nbsp;<\/em>Verlag f\u00fcr Polizeiwissenschaft, Frankfurt am Main.&nbsp;&nbsp;<\/p>\n\n\n\n<p>und&nbsp;Uwe Papenfu\u00df&nbsp;(2022): \u201eQuerdenken\u201c und verschw\u00f6rungstheoretischeKundgebungen am Beispiel von Versammlungslagen in Nordhessen. In:&nbsp;<em>FORUM \u2013 Politische Bildung und Polizei<\/em>, 1\/2022: (Un-)Soziale Medien, Desinformation und Verschw\u00f6rungsdenken, S. 34-38.<\/p>\n\n\n\n<p>(2022):&nbsp;Das Polizeistudium in Hessen \u2013 organisatorisch und inhaltlich zukunftssicher[nd] aufgestellt. In:&nbsp;<em>Deutsches Polizeiblatt<\/em>, 4\/2022, S. 9-13.&nbsp;<\/p>\n\n\n\n<p>(2022): Rezension zu: Kriminalit\u00e4t \u2013 Ursachen, Formen und Bek\u00e4mpfung, Bernhard Frevel (Hrsg.), Aschendorff Verlag M\u00fcnster. In:&nbsp;<em>Hessische Polizeirundschau<\/em>, 3\/2022, S. 27-28.<\/p>\n\n\n\n<p>(2022): Rezension zu: Polizei in Staat und Gesellschaft, Bernhard Frevel\/Vanessa Salzmann, VDP Hilden. In:&nbsp;<em>Hessische Polizeirundschau<\/em>, 1\/2022, S. 19.<\/p>\n\n\n\n<p>und&nbsp;Kathrin Hartmann&nbsp;(2021): Polizeiliche Kulturen. Analyse von Beurteilungsstrategien und Handlungsmustern auf Meso- und Mikroebenen der Organisation.&nbsp;In:&nbsp;<em>Tagungsband Forschung, Bildung, Praxis im gesellschaftlichen Diskurs<\/em>, Frankfurt&nbsp;am Main&nbsp;2021.<\/p>\n\n\n\n<p>(2020): Rezension zu: Polizei und Menschenrechte, Dieter Kugelmann (Hrsg.),&nbsp;bpd&nbsp;Bonn. In:&nbsp;<em>Hessische Polizeirundschau<\/em>, 5\/2020, S. 28.<\/p>\n\n\n\n<p>und Hermann Gro\u00df (Hrsg.) (2020):&nbsp;<em>Empirische Polizeiforschung XXIII: Polizei und Migration<\/em>, Verlag f\u00fcr Polizeiwissenschaft, Frankfurt am Main.<\/p>\n\n\n\n<p>(2019): Rezension&nbsp;zu: Handbuch zur PDV 100, F\u00fchrung und Einsatz,&nbsp;Richard&nbsp;Boorberg&nbsp;Verlag, Stuttgart 2019. In:&nbsp;<em>SIAK-Journal<\/em>, 4\/2019, S. 80-81.<\/p>\n\n\n\n<p>und Bernhard Frevel (Hrsg.) (2019):&nbsp;<a><\/a><em>Empirische Polizeiforschung XXII: Demokratie und Menschenrechte \u2013 Herausforderungen f\u00fcr und an die polizeiliche Bildungsarbeit,<\/em>&nbsp;Verlag f\u00fcr Polizeiwissenschaft, Frankfurt am Main.<\/p>\n\n\n\n<p>(2017): Rezension zu: Das eigenst\u00e4ndige Vernehmungsprotokoll f\u00fcr Augenzeugen, Nikola Hahn,&nbsp;Thoni&nbsp;Verlag R\u00f6dermark. In:&nbsp;<em>Hessische Polizeirundschau<\/em>,&nbsp;7\/2017, S. 28-29.<\/p>\n\n\n\n<p>und Hermann Gro\u00df&nbsp;(2017): Leitbilder in der Polizei: Wichtiges Instrument strategischen Managements oder nur symbolische Politik? \u2013 Ein Pl\u00e4doyer f\u00fcr&nbsp;die Revitalisierung des Leitbilds der hessischen Polizei?&nbsp;In: Bernhard Frevel et al. (Hrsg.),&nbsp;<em>Facetten der Polizei- und Kriminalit\u00e4tsforschung<\/em>. Festschrift f\u00fcr&nbsp;Karlhans&nbsp;Liebl, Frankfurt&nbsp;am Main.<\/p>\n\n\n\n<p>(2016): Rezension zu: Das anst\u00e4ndige Unternehmen \u2013 Was richtige F\u00fchrung ausmacht und was sie wegl\u00e4sst, Reinhard K. Sprenger, Pantheon Verlag M\u00fcnchen. In:&nbsp;<em>Hessische Polizeirundschau<\/em>, 4\/2016, S. 29.<\/p>\n\n\n\n<p>und Kurt Kraus, Horst&nbsp;Grimminger&nbsp;(2016): Die Geschichte der Hessischen Polizei. In:&nbsp;<em>Hessische Polizeirundschau<\/em>, 6\/2016, S. 8-13.<\/p>\n\n\n\n<p>und Hermann Gro\u00df (2016):&nbsp;<em>Kriminalpolizeiliches Studium. Notwendige Spezialisierung oder \u00fcberfl\u00fcssige Elitenbildung?&nbsp;<\/em>In:<em>&nbsp;<\/em>Empirische Polizeiforschung XIX: Bologna und die Folgen f\u00fcr die Polizeiausbildung,&nbsp;<a><\/a>Verlag f\u00fcr Polizeiwissenschaft, Frankfurt am Main, S.&nbsp;103-115.<\/p>\n\n\n\n<p>(2015): Rezension zu: Polizeiliche Berufsethik \u2013 Ein Studienbuch, Ulrike Wegener, VDP Hilden. In:&nbsp;<em>Hessische Polizeirundschau<\/em>, 8\/2015, S. 23.<\/p>\n\n\n\n<p>und&nbsp;Hermann Gro\u00df&nbsp;(2015): Kriminalpolizeiliche Studieng\u00e4nge: Verdeckte Elitenbildung oder Ausdruck polizeilicher Lagebewertung?&nbsp;In:&nbsp;<em>der Kriminalist<\/em>&nbsp;11\/2015, S. 12-15.<\/p>\n\n\n\n<p>(2015): Rezension zu: Acht Disziplinen ganzheitlicher F\u00fchrung \u2013 Menschen, Ideen, Projekte und Prozesse bewegen, Norbert J. Heigl, Erich Schmitt Verlag Berlin. In:&nbsp;<em>Hessische Polizeirundschau<\/em>, 4\/2015, S. 29.<\/p>\n\n\n\n<p><a><\/a>(2015): Rezension zu: Polizeiliche F\u00fchrungslehre. Begr\u00fcndung \u2013 Gestaltung \u2013 Perspektive, Gerd Thielmann\/J\u00fcrgen&nbsp;Weibler, VDP Hilden. In:&nbsp;<em>Hessische Polizeirundschau<\/em>, 2\/2015, S. 24.<\/p>\n\n\n\n<p>und Hermann Gro\u00df (2014):&nbsp;<em>Das Polizeistudium: Ver\u00e4nderung der Berufs- und Studienmotivation von hessischen Polizeistudierenden.&nbsp;<\/em>In: Forschung zu Sicherheit und Sicherheitsgew\u00e4hrung. Festschrift f\u00fcr Manfred Bornewasser. Verlag f\u00fcr Polizeiwissenschaft, Frankfurt am Main, S. 181-194.<\/p>\n\n\n\n<p>und Hermann Gro\u00df (Hrsg.) (2011):&nbsp;<em>Empirische Polizeiforschung XIII: Polizei: Job, Beruf oder Profession<\/em><em>?<\/em>&nbsp;Verlag f\u00fcr Polizeiwissenschaft, Frankfurt am Main.<\/p>\n\n\n\n<p>und&nbsp;Malte&nbsp;Neutzler&nbsp;(2011): Einsatzlehre der Polizei, Band 3:&nbsp;<em>Polizeiliche Ma\u00dfnahmen aus besonderen Anl\u00e4ssen<\/em>, 8. Auflage, Richard&nbsp;Boorberg&nbsp;Verlag, Stuttgart 2011.<\/p>\n\n\n\n<p>und&nbsp;Malte&nbsp;Neutzler&nbsp;(2011): Einsatzlehre der Polizei, Band 2:&nbsp;<em>Taktische Ma\u00dfnahmen<\/em>, 8. Auflage, Richard&nbsp;Boorberg&nbsp;Verlag, Stuttgart 2011.<\/p>\n\n\n\n<p>und Hermann Gro\u00df (2010):&nbsp;<em>Wer wird Polizist in Hessen? Berufsentscheidung und Studienmotivation 2009.&nbsp;<\/em>In:&nbsp;Hermann Gro\u00df&nbsp;et al. (Hrsg.),&nbsp;Polizei \u2013 Polizist \u2013&nbsp;Polizieren? \u00dcberlegungen zur Polizeiforschung. Festschrift f\u00fcr&nbsp;Hans-Joachim Asmus,&nbsp;Verlag f\u00fcr Polizeiwissenschaft,&nbsp;Frankfurt&nbsp;am Main, S. 75-92.<\/p>\n\n\n\n<p>und&nbsp;Malte&nbsp;Neutzler&nbsp;(2010): Einsatzlehre der Polizei, Band 1:&nbsp;<em>Grundlagen<\/em>, 11. Auflage, Richard&nbsp;Boorberg&nbsp;Verlag, Stuttgart 2010.<\/p>\n\n\n\n<p>und&nbsp;Malte&nbsp;Neutzler&nbsp;(2009): Einsatzlehre der Polizei, Band 5:&nbsp;<em>Klausurenkurs<\/em><em>: Taktik \u2013 Aufbau \u2013 F\u00e4lle<\/em>, Richard&nbsp;Boorberg&nbsp;Verlag, Stuttgart 2009.<\/p>\n\n\n\n<p>und Hermann Gro\u00df (2007):&nbsp;<em>Hessen<\/em>. In: Hermann Gro\u00df et al. (Hrsg.): Handbuch der Polizeien Deutschlands, VS Verlag f\u00fcr Sozialwissenschaften, Wiesbaden, S.&nbsp;198-226.<\/p>\n\n\n\n<p>und Hermann Gro\u00df (2007):&nbsp;<em>Hessen auf dem Weg zum B.A.?<\/em><em>&nbsp;<\/em><em>Der Bologna-Prozess und das Polizeistudium.&nbsp;<\/em>In: Empirische Polizeiforschung IX: Stand und Perspektiven der Polizeiausbildung, Verlag f\u00fcr Polizeiwissenschaft, Frankfurt am Main, S.&nbsp;64-73.<\/p>\n\n\n\n<p>(2006):&nbsp;<em>Freiwilliger Polizeidienst\/\/Wachpolizei\/Hilfspolizei.&nbsp;<\/em>In: Hans-J\u00fcrgen Lange (Hrsg.:): W\u00f6rterbuch zur Inneren Sicherheit, VS Verlag f\u00fcr Sozialwissenschaften, Wiesbaden, S. 92-95 und 360-364.<\/p>\n\n\n\n<p>(2005):&nbsp;<em>Hand in Hand f\u00fcr mehr Qualit\u00e4t. Ausbilderseminare als Element der Verzahnung von Theorie und Praxis im Polizeistudium.&nbsp;<\/em>In: J\u00fcrgen Distler et al. (Hrsg.): Festschrift zum 25-j\u00e4hrigen Bestehen der Verwaltungsfachhochschule in Wiesbaden, Verlag f\u00fcr Polizeiwissenschaft, Frankfurt am Main, S.&nbsp;249-262.<\/p>\n\n\n\n<p>und Hermann Gro\u00df (2005): Ausl\u00e4nder in der hessischen Polizei: Zwischen Integration und symbolischer Politik. In:&nbsp;<em>Deutsches Polizeiblatt,<\/em>&nbsp;1\/2005, S. 20-23.<\/p>\n\n\n\n<p>und Hermann Gro\u00df (2005) (Hrsg.):<em>&nbsp;Empirische Polizeiforschung VI: Innen- und Au\u00dfensicht(en) der Polizei,<\/em>&nbsp;Verlag f\u00fcr Polizeiwissenschaft, Frankfurt am Main.<\/p>\n\n\n\n<p>(2004): Einsatzvorbereitung und Motivation. H\u00e4tte ich das doch vorher gewusst. In:&nbsp;<a><\/a><em>Deutsches Polizeiblatt<\/em>, 2\/2004,&nbsp;S. 13-15.<\/p>\n\n\n\n<p>und Hermann Gro\u00df (2004):&nbsp;<em>Kann man Polizei studieren? Theorie und Praxis neu gemischt.<\/em>&nbsp;In: Empirische Polizeiforschung&nbsp;VFehler&nbsp;und Lernkultur in der Polizei, Verlag f\u00fcr Polizeiwissenschaft, Frankfurt am Main, S. 247-260.<\/p>\n\n\n\n<p>und Burghard Koch (2003): Mit Qualit\u00e4t zum Erfolg \u2013 Der Sicherungsangriff. In:&nbsp;<em>Deutsches Polizeiblatt<\/em>, 5\/2003, S. 5-11.<\/p>\n\n\n\n<p>und Hermann Gro\u00df (2003): Arbeitsbedingungen und Berufszufriedenheit in der Hessischen Wachpolizei. In: Polizei &amp; Psychologie, Kongressband der Tagung am 18.\/19. M\u00e4rz 2003 in Frankfurt am Main, Verlag f\u00fcr Polizeiwissenschaft, Frankfurt am Main, S. 313-334.<\/p>\n\n\n\n<p>(2003): Rezension zu: Soziologie. Studienbuch f\u00fcr die Polizei. Bernhard Frevel et al., VDP Hilden. In:&nbsp;<em>Polizei &amp; Wissenschaft<\/em>, 1\/2003, S. 65-66.&nbsp;<\/p>\n\n\n\n<p>und Hermann Gro\u00df (2002):&nbsp;<em>Die Hessische Wachpolizei: Evaluation eines Modellprojektes.<\/em>&nbsp;In: Manfred Bornewasser (Hrsg.): Empirische Polizeiforschung III,&nbsp;Centaurus-Verlag Herbolzheim, S. 151-161.<\/p>\n\n\n\n<p>und Hermann Gro\u00df (2001): Entstehung und Implementierung des Leitbildes der Hessischen Polizei. In: Hans-Joachim Asmus (Hrsg.): Empirische Polizeiforschung II: Leitbild der Polizei, Ascherslebener Polizeiwissenschaftliche Schriften, S. 50-63.<\/p>\n\n\n\n<p>(2000):&nbsp;<em>Das Leitbild der Hessischen Polizei \u2013 Idealform der Polizeikultur.<\/em>&nbsp;In: Helmut C. B\u00fcscher et al. (Hrsg.): \u00d6ffentliche Verwaltung \u2013 modern und zukunftsf\u00e4hig, IKU Fachhochschulverlag Frankfurt am Main, S. 55-66.<\/p>\n\n\n\n<h2 class=\"wp-block-heading\" id=\"a5\">Mitgliedschaften<\/h2>\n\n\n\n<ul class=\"wp-block-list\">\n<li>Redaktion der Zeitschrift Polizei &amp; Wissenschaft<\/li>\n<\/ul>\n\n\n\n<h2 class=\"wp-block-heading\" id=\"a6\">Kontakt<\/h2>\n\n\n\n<p>Peter Schmidt&nbsp;<br>An der Bruchspitze 83c<br>55122 Mainz<br>Tel.:&nbsp;+49 (179) 4924791 <br>E-Mail: <a href=\"ps.ffm@t-online.de\">ps.ffm@t-online.de <\/a><\/p>\n","protected":false},"excerpt":{"rendered":"<p>Ltd. Polizeidirektor a.D. Peter Schmidt geboren 1962 in Frankfurt am Main 1981 Eintritt in die Hessische Polizei bis 1997 Polizei Hessen&nbsp;Unterschiedliche Verwendungen im mittleren, gehobenen und h\u00f6heren Dienst bei der Hessischen Bereitschaftspolizei und beim Polizeipr\u00e4sidium Frankfurt am Main 1997-2002 Verwaltungsfachhochschule in Wiesbaden, Abteilung Frankfurt am Main (Fachhochschullehrer und Abteilungsleiter) 2002-2005 Hessisches Ministerium des Innern und &hellip; <a href=\"https:\/\/empirische-polizeiforschung.de\/wp\/peter-schmidt\/\" class=\"more-link\"><span class=\"screen-reader-text\">&#8222;Peter Schmidt&#8220; <\/span>weiterlesen<\/a><\/p>\n","protected":false},"author":2,"featured_media":0,"parent":0,"menu_order":0,"comment_status":"closed","ping_status":"closed","template":"","meta":{"footnotes":""},"class_list":["post-228","page","type-page","status-publish","hentry"],"_links":{"self":[{"href":"https:\/\/empirische-polizeiforschung.de\/wp\/wp-json\/wp\/v2\/pages\/228","targetHints":{"allow":["GET"]}}],"collection":[{"href":"https:\/\/empirische-polizeiforschung.de\/wp\/wp-json\/wp\/v2\/pages"}],"about":[{"href":"https:\/\/empirische-polizeiforschung.de\/wp\/wp-json\/wp\/v2\/types\/page"}],"author":[{"embeddable":true,"href":"https:\/\/empirische-polizeiforschung.de\/wp\/wp-json\/wp\/v2\/users\/2"}],"replies":[{"embeddable":true,"href":"https:\/\/empirische-polizeiforschung.de\/wp\/wp-json\/wp\/v2\/comments?post=228"}],"version-history":[{"count":43,"href":"https:\/\/empirische-polizeiforschung.de\/wp\/wp-json\/wp\/v2\/pages\/228\/revisions"}],"predecessor-version":[{"id":833,"href":"https:\/\/empirische-polizeiforschung.de\/wp\/wp-json\/wp\/v2\/pages\/228\/revisions\/833"}],"wp:attachment":[{"href":"https:\/\/empirische-polizeiforschung.de\/wp\/wp-json\/wp\/v2\/media?parent=228"}],"curies":[{"name":"wp","href":"https:\/\/api.w.org\/{rel}","templated":true}]}}