{"id":216,"date":"2021-03-07T06:48:32","date_gmt":"2021-03-07T05:48:32","guid":{"rendered":"http:\/\/empirische-polizeiforschung.de\/wp\/?page_id=216"},"modified":"2022-02-14T20:52:15","modified_gmt":"2022-02-14T19:52:15","slug":"astrid-jacobsen","status":"publish","type":"page","link":"https:\/\/empirische-polizeiforschung.de\/wp\/astrid-jacobsen\/","title":{"rendered":"Astrid Jacobsen"},"content":{"rendered":"\n<h1 class=\"wp-block-heading\" id=\"a2\">Astrid Jacobsen<\/h1>\n\n\n\n<div class=\"wp-block-image\"><figure class=\"alignright size-large is-resized\"><img decoding=\"async\" src=\"https:\/\/empirische-polizeiforschung.de\/wp\/wp-content\/uploads\/2021\/02\/Jacobsen_-_3.jpg\" alt=\"\" class=\"wp-image-14\" width=\"205\" height=\"NaN\" srcset=\"https:\/\/empirische-polizeiforschung.de\/wp\/wp-content\/uploads\/2021\/02\/Jacobsen_-_3.jpg 346w, https:\/\/empirische-polizeiforschung.de\/wp\/wp-content\/uploads\/2021\/02\/Jacobsen_-_3-216x300.jpg 216w\" sizes=\"(max-width: 346px) 85vw, 346px\" \/><\/figure><\/div>\n\n\n\n<p>Astrid Jacobsen, Dr. rer. soc. (*1.11.1969) studierte Soziologie an den Universit\u00e4ten Bamberg und Bielefeld. Sie promovierte 2002 an der Universit\u00e4t Bielefeld mit einer ethnografischen Untersuchung polizeilichen Handelns.<\/p>\n\n\n\n<p>Nach T\u00e4tigkeiten in Lehre und Forschung als freie Soziologin (2002-2004) und als interkulturelle Trainerin und Beraterin (2005-2008) arbeitet sie seit 2009 als Professorin an der Polizeiakademie Niedersachsen am Standort Nienburg. Hier ist sie schwerpunktm\u00e4\u00dfig mit Lehre und empirischer Polizeiforschung besch\u00e4ftigt. Ihre Forschungsschwerpunkte sind&nbsp;ethnografische Polizeiforschung, Polizei im&nbsp;Einwanderungsland Deutschland,&nbsp;Polizei und Diskriminierung sowie&nbsp;die polizeiliche Ermittlungspraxis.<\/p>\n\n\n\n<h2 class=\"wp-block-heading\" id=\"a3\">Ausgew\u00e4hlte Publikationen<\/h2>\n\n\n\n<ul class=\"wp-block-list\"><li>Vor der Erhebung. Ein Essay \u00fcber Forschungszug\u00e4nge in die Polizei. In: Die Polizei. Fachzeitschrift f\u00fcr die \u00d6ffentliche Sicherheit mit Beitr\u00e4gen aus der Deutschen Hochschule der Polizei. Heft 2\/2022,&nbsp;S. 52-53 (mit Jens Bergmann)<\/li><li>Kategorisieren von Menschen. Eine Konzeption f\u00fcr die Erforschung polizeilicher Diskriminierung. In: Polizeiakademie Nds. (Hg.) 2021: Forschung, Bildung und Praxis im gesellschaftlichen Diskurs. 9.09. und 10.09.2021. Tagungsband. Frankfurt\/M.: Verlag f\u00fcr Polizeiwissenschaft, S. 77-83 (mit Jens Bergmann)<\/li><li>Diskriminierung und Rassismus in der Polizei als Forschungsfeld &#8211; eine problemorientierte Bestandsaufnahme. In: SIAK-Journal. Zeitschrift f\u00fcr Polizeiwissenschaft und polizeiliche Praxis, 4\/2021, S. 45-57 (mit Jens Bergmann)<\/li><li>Hier laufen verd\u00e4chtige Ausl\u00e4nder rum. Zur Bedeutung kultureller Herkunft f\u00fcr die Bew\u00e4ltigung des Einsatz- und Streifendienstes, in: SIAK-Journal ? Zeitschrift f\u00fcr Polizeiwissenschaft und polizeiliche Praxis 2015\/2, 35 &#8211; 52.<\/li><li>Ohne die h\u00e4tten wir hier einen entspannten Dienst. Zur Bedeutung kultureller Herkunft im polizeilichen Diskurs des Einsatz- und Streifendienstes, in: SIAK-Journal ? Zeitschrift f\u00fcr Polizeiwissenschaft und polizeiliche Praxis 2015\/1, 41 &#8211; 52.<\/li><li>Interkulturelle Kompetenz als Methode. Der situative Ansatz In: Oberwittler, Dietrich\/Behr, Rafael (Hg) 2011: Polizei und Polizieren in multiethnischen Gesellschaften. Sonderheft der Zeitschrft f\u00fcr Soziale Probleme und Soziale Kontrolle. 23. Jg., Heft 2: 154 &#8211; 173.<\/li><li>Was mach ich denn, wenn so\u00b4n T\u00fcrke vor mir steht? Zur interkulturellen Qualifizierung der Polizei. In: Liebl, Karlhans (Hg.) 2009: Polizei und Fremde &#8211; Fremde in der Polizei. VS Verlag f\u00fcr Sozialwissenschaften. Wiesbaden: 91 &#8211; 103 oder in: Frevel, Bernhard\/Asmus, Hans-Joachim (Hg.) 2008: Empirische Polizeiforschung X: Einfl\u00fcsse von Globalisierung und Europ\u00e4isierung auf die Polizei. Verlag f\u00fcr Polizeiwissenschaft, Frankfurt: 44 &#8211; 55<\/li><li>Die gesellschaftliche Wirklichkeit der Polizei. Eine empirische Untersuchung zur Rationalit\u00e4t polizeilichen Handelns 2005. Dissertation, Uni Bielefeld.<br>http:\/\/bieson.ub.uni-bielefeld.de\/volltexte\/2005\/716\/<\/li><li>Ordnungs- und Unruhestifter. Ein privater Sicherheitsdienst observiert In: Hirschauer, Stefan\/Amann, Klaus (Hg.) 1997: Die Befremdung der eigenen Kultur. Zur ethnografischen Herausforderung soziologischer Empirie. Suhrkamp, Frankfurt: 115 &#8211; 137.<\/li><\/ul>\n\n\n\n<h2 class=\"wp-block-heading\" id=\"a4\">Kontakt<\/h2>\n\n\n\n<p>Dr. Astrid Jacobsen\u00a0<br>Polizeiakademie Niedersachsen\u00a0<br>B\u00fcrgermeister-Stahn-Wall 9\u00a0<br>31582 Nienburg\u00a0<br><a href=\"mailto:astrid.jacobsen@polizei.niedersachsen.de\">astrid.jacobsen@polizei.niedersachsen.de<\/a><\/p>\n\n\n","protected":false},"excerpt":{"rendered":"<p>Astrid Jacobsen Astrid Jacobsen, Dr. rer. soc. (*1.11.1969) studierte Soziologie an den Universit\u00e4ten Bamberg und Bielefeld. Sie promovierte 2002 an der Universit\u00e4t Bielefeld mit einer ethnografischen Untersuchung polizeilichen Handelns. Nach T\u00e4tigkeiten in Lehre und Forschung als freie Soziologin (2002-2004) und als interkulturelle Trainerin und Beraterin (2005-2008) arbeitet sie seit 2009 als Professorin an der Polizeiakademie &hellip; <a href=\"https:\/\/empirische-polizeiforschung.de\/wp\/astrid-jacobsen\/\" class=\"more-link\"><span class=\"screen-reader-text\">&#8222;Astrid Jacobsen&#8220; <\/span>weiterlesen<\/a><\/p>\n","protected":false},"author":2,"featured_media":0,"parent":0,"menu_order":0,"comment_status":"closed","ping_status":"closed","template":"","meta":{"footnotes":""},"class_list":["post-216","page","type-page","status-publish","hentry"],"_links":{"self":[{"href":"https:\/\/empirische-polizeiforschung.de\/wp\/wp-json\/wp\/v2\/pages\/216","targetHints":{"allow":["GET"]}}],"collection":[{"href":"https:\/\/empirische-polizeiforschung.de\/wp\/wp-json\/wp\/v2\/pages"}],"about":[{"href":"https:\/\/empirische-polizeiforschung.de\/wp\/wp-json\/wp\/v2\/types\/page"}],"author":[{"embeddable":true,"href":"https:\/\/empirische-polizeiforschung.de\/wp\/wp-json\/wp\/v2\/users\/2"}],"replies":[{"embeddable":true,"href":"https:\/\/empirische-polizeiforschung.de\/wp\/wp-json\/wp\/v2\/comments?post=216"}],"version-history":[{"count":6,"href":"https:\/\/empirische-polizeiforschung.de\/wp\/wp-json\/wp\/v2\/pages\/216\/revisions"}],"predecessor-version":[{"id":514,"href":"https:\/\/empirische-polizeiforschung.de\/wp\/wp-json\/wp\/v2\/pages\/216\/revisions\/514"}],"wp:attachment":[{"href":"https:\/\/empirische-polizeiforschung.de\/wp\/wp-json\/wp\/v2\/media?parent=216"}],"curies":[{"name":"wp","href":"https:\/\/api.w.org\/{rel}","templated":true}]}}