{"id":195,"date":"2021-03-04T17:15:23","date_gmt":"2021-03-04T16:15:23","guid":{"rendered":"http:\/\/empirische-polizeiforschung.de\/wp\/?page_id=195"},"modified":"2023-02-08T15:03:46","modified_gmt":"2023-02-08T14:03:46","slug":"prof-dr-marschel-schoene","status":"publish","type":"page","link":"https:\/\/empirische-polizeiforschung.de\/wp\/prof-dr-marschel-schoene\/","title":{"rendered":"Marschel Sch\u00f6ne"},"content":{"rendered":"\n<h2 class=\"wp-block-heading\">Prof. Dr. Marschel Sch\u00f6ne<\/h2>\n\n\n<div class=\"wp-block-image\">\n<figure class=\"alignright size-full is-resized\"><img loading=\"lazy\" decoding=\"async\" src=\"https:\/\/empirische-polizeiforschung.de\/wp\/wp-content\/uploads\/2022\/02\/image.png\" alt=\"\" class=\"wp-image-490\" width=\"202\" height=\"358\" srcset=\"https:\/\/empirische-polizeiforschung.de\/wp\/wp-content\/uploads\/2022\/02\/image.png 375w, https:\/\/empirische-polizeiforschung.de\/wp\/wp-content\/uploads\/2022\/02\/image-169x300.png 169w\" sizes=\"auto, (max-width: 202px) 85vw, 202px\" \/><\/figure>\n<\/div>\n\n\n<ul class=\"wp-block-list\">\n<li>Ausbildung und Studium zum mittleren und gehobenen Polizeivollzugsdienst im Land Sachsen-Anhalt <\/li>\n\n\n\n<li>Aufbaustudium Kriminologie am Institut f\u00fcr Kriminologische Sozialforschung der Universit\u00e4t Hamburg. Schwerpunkte: Polizeiforschung, Strafvollzug und Justiz. Akademischer Abschluss: Diplom-Kriminologe bei Prof. Dr. Dr. h.c. Fritz Sack<\/li>\n\n\n\n<li>Studium Criminology\/ Police Science an der London School of Economics and Political Science bei Prof. Dr. Stanley Cohen und an der Middlesex University London bei Prof. Jack Young<\/li>\n\n\n\n<li>Promotion zum Dr. phil. in Soziologie am Fachbereich 1 (Erziehungs- und Sozialwissenschaften) der Universit\u00e4t Hildesheim bei Prof. Dr. Thomas Ohlemacher und Prof. Dr. Michael Corsten. Thema: Pierre Bourdieu und das Feld Polizei. Ein besonderer Fall des M\u00f6glichen<\/li>\n\n\n\n<li>Lehrauftr\u00e4ge Kriminologie\/ Kriminalsoziologie an den Universit\u00e4ten Leipzig, Hamburg, Regensburg, der Hochschule Merseburg sowie der Hochschule f\u00fcr Wirtschaft und Recht Berlin<\/li>\n\n\n\n<li>W 1 Gastdozentur f\u00fcr Kriminologie an der HWR Berlin, Fachbereich Polizei<\/li>\n\n\n\n<li>Professor (W 2) f\u00fcr Kriminalwissenschaften (Kriminologie\/ Kriminalistik) an der FH f\u00fcr \u00f6ffentliche Verwaltung, Polizei und Rechtspflege des Landes Mecklenburg-Vorpommern<\/li>\n\n\n\n<li>Professor f\u00fcr Kriminologie an der Hochschule der S\u00e4chsischen Polizei sowie Referent f\u00fcr Sicherheitsforschung<\/li>\n<\/ul>\n\n\n\n<h2 class=\"wp-block-heading\" id=\"a3\">Ausgew\u00e4hlte Ver\u00f6ffentlichungen<\/h2>\n\n\n\n<ul class=\"wp-block-list\">\n<li>Sch\u00f6ne, Marcel (2011): Pierre Bourdieu und das Feld Polizei. Ein besonderer Fall des M\u00f6glichen. Frankfurt\/M.<\/li>\n\n\n\n<li>Sch\u00f6ne, Marschel (2015): Der schwebende Gef\u00e4ngnisgott oder Kain und Abel vor Gericht. Kriminologische Anmerkungen. In: Siebert, G. (Hrsg.): Brudermord im Schwurgericht. Naumburg und die D\u00fcsseldorfer Malerschule (1819-1918). Petersberg. 19-28<\/li>\n\n\n\n<li>Sch\u00f6ne, Marschel (2015): Stadtsoziologie \u2013 Polizeiliches Handeln im urbanen Raum. In: Frevel, Bernhard (Hrsg.): Polizei in Staat und Gesellschaft. Hilden. 134-149<\/li>\n\n\n\n<li>Ohder, Claudius\/ Sch\u00f6ne, Marschel (2018): B\u00fcrgerpolizisten in Sachsen &#8211; Sicherheitskooperation unterhalb des institutionellen Radars?, In: Barthel, Christian (Hrsg.): Gefahrenabwehr und Sicherheitsproduktion durch Netzwerkgestaltung. Eine Aufgabe der F\u00fchrung in und zwischen Organisationen. Heidelberg\/ Berlin. 147-169<\/li>\n\n\n\n<li>Sch\u00f6ne, Marschel\/ Herrnkind, Martin (2018): Cum hoc ergo propter hoc &#8211; Zwischen Korrelation und (Schein)Kausalit\u00e4t. Verfassungsschutzbericht 2016, In: Backes, Uwe \/ Gallus, Alexander \/ Jesse, Eckhard \/ Thieme, Tom (Hg.): Jahrbuch Extremismus &amp; Demokratie (E &amp; D) 30. Jahrgang,Baden-Baden. 387-391<\/li>\n<\/ul>\n\n\n\n<h2 class=\"wp-block-heading\" id=\"a4\">Kontakt<\/h2>\n\n\n\n<p>Hochschule der S\u00e4chsischen Polizei<br>Friedensstr. 120<br>02929 Rothenburg\/O.L.<br>Tel.: +49 35891 46-2720<br>E-Mail:&nbsp;<a href=\"mailto:marcel.schoene@polizei.sachsen.de\">marcel.schoene@polizei.sachsen.de<\/a><br>Alternativ:&nbsp;<a href=\"mailto:marcel.schoene@hwr-berlin.de\">marcel.schoene@hwr-berlin.de<\/a><\/p>\n","protected":false},"excerpt":{"rendered":"<p>Prof. Dr. Marschel Sch\u00f6ne Ausgew\u00e4hlte Ver\u00f6ffentlichungen Kontakt Hochschule der S\u00e4chsischen PolizeiFriedensstr. 12002929 Rothenburg\/O.L.Tel.: +49 35891 46-2720E-Mail:&nbsp;marcel.schoene@polizei.sachsen.deAlternativ:&nbsp;marcel.schoene@hwr-berlin.de<\/p>\n","protected":false},"author":2,"featured_media":0,"parent":0,"menu_order":0,"comment_status":"closed","ping_status":"closed","template":"","meta":{"footnotes":""},"class_list":["post-195","page","type-page","status-publish","hentry"],"_links":{"self":[{"href":"https:\/\/empirische-polizeiforschung.de\/wp\/wp-json\/wp\/v2\/pages\/195","targetHints":{"allow":["GET"]}}],"collection":[{"href":"https:\/\/empirische-polizeiforschung.de\/wp\/wp-json\/wp\/v2\/pages"}],"about":[{"href":"https:\/\/empirische-polizeiforschung.de\/wp\/wp-json\/wp\/v2\/types\/page"}],"author":[{"embeddable":true,"href":"https:\/\/empirische-polizeiforschung.de\/wp\/wp-json\/wp\/v2\/users\/2"}],"replies":[{"embeddable":true,"href":"https:\/\/empirische-polizeiforschung.de\/wp\/wp-json\/wp\/v2\/comments?post=195"}],"version-history":[{"count":9,"href":"https:\/\/empirische-polizeiforschung.de\/wp\/wp-json\/wp\/v2\/pages\/195\/revisions"}],"predecessor-version":[{"id":663,"href":"https:\/\/empirische-polizeiforschung.de\/wp\/wp-json\/wp\/v2\/pages\/195\/revisions\/663"}],"wp:attachment":[{"href":"https:\/\/empirische-polizeiforschung.de\/wp\/wp-json\/wp\/v2\/media?parent=195"}],"curies":[{"name":"wp","href":"https:\/\/api.w.org\/{rel}","templated":true}]}}